{"id":10680,"date":"2022-02-08T14:01:02","date_gmt":"2022-02-08T17:01:02","guid":{"rendered":"https:\/\/servicos.compesa.com.br\/museuuniversocompesa\/?page_id=10680"},"modified":"2025-02-21T15:25:00","modified_gmt":"2025-02-21T18:25:00","slug":"plantas-mapas","status":"publish","type":"page","link":"https:\/\/servicos.compesa.com.br\/museuuniversocompesa\/plantas-mapas\/","title":{"rendered":"PLANTAS E MAPAS"},"content":{"rendered":"\n<h2 class=\"wp-block-heading\" id=\"plantas-e-mapas\">PLANTAS E MAPAS<\/h2>\n\n\n\n<div style=\"height:8px\" aria-hidden=\"true\" class=\"wp-block-spacer\"><\/div>\n\n\n\n<p class=\"has-text-align-justify\" style=\"font-size:18px\">Acervo cartogr\u00e1fico contendo plantas e mapas do Recife e dos sistemas de abastecimento de \u00e1gua e Acervo cartogr\u00e1fico contendo plantas e mapas do Recife e dos sistemas de abastecimento de \u00e1gua e tratamento de esgoto da cidade. Entre os destaques est\u00e3o: a planta da Cidade do Recife produzida por Douglas Fox em 1906, as plantas de melhorias dos sistemas de \u00e1gua e esgoto produzidos por Saturnino de Brito entre 1910 e 1917, e o mapa detalhado do atual de abastecimento de \u00e1gua do Estado de Pernambuco.<\/p>\n\n\n\n<div class=\"wp-block-tainacan-dynamic-items-list\" data-module=\"dynamic-items-list\" data-search-url=\"\" data-selected-items=\"[&quot;2210&quot;,&quot;2212&quot;,&quot;2198&quot;,&quot;2192&quot;,&quot;2204&quot;,&quot;2214&quot;,&quot;2220&quot;,&quot;2226&quot;,&quot;2216&quot;,&quot;2218&quot;,&quot;2224&quot;,&quot;2222&quot;,&quot;2200&quot;]\" data-collection-id=\"1362\" data-show-image=\"true\" data-show-name=\"true\" data-show-search-bar=\"undefined\" data-show-collection-header=\"undefined\" data-show-collection-label=\"undefined\" data-image-size=\"tainacan-medium\" data-layout=\"mosaic\" data-load-strategy=\"selection\" data-mosaic-height=\"280\" data-mosaic-density=\"5\" data-mosaic-grid-rows=\"3\" data-mosaic-grid-columns=\"3\" data-mosaic-item-focal-point-x=\"0.5\" data-mosaic-item-focal-point-y=\"0.5\" data-max-columns-count=\"4\" data-collection-background-color=\"#454647\" data-collection-text-color=\"#ffffff\" data-grid-margin=\"0\" data-max-items-number=\"12\" data-order=\"\" data-order-by=\"date\" data-order-by-meta-key=\"\" data-tainacan-api-root=\"https:\/\/servicos.compesa.com.br\/museuuniversocompesa\/wp-json\/tainacan\/v2\" id=\"wp-block-tainacan-dynamic-items-list_8540ff43-f3c6-400e-b231-dc7a0d1db14c\"><div><\/div><\/div>\n\n\n\n<p class=\"has-medium-font-size\"><strong>Clique <a href=\"https:\/\/servicos.compesa.com.br\/museuuniversocompesa\/plantas-e-mapas\/\" data-type=\"URL\" data-id=\"https:\/\/servicos.compesa.com.br\/museuuniversocompesa\/plantas-e-mapas\/\">aqui<\/a> para visualizar<\/strong><\/p>\n","protected":false},"excerpt":{"rendered":"<p>PLANTAS E MAPAS Acervo cartogr\u00e1fico contendo plantas e mapas do Recife e dos sistemas de abastecimento de \u00e1gua e Acervo cartogr\u00e1fico contendo plantas e mapas do Recife e dos sistemas de abastecimento de \u00e1gua e tratamento de esgoto da cidade. Entre os destaques est\u00e3o: a planta da Cidade do Recife produzida por Douglas Fox em [&hellip;]<\/p>\n","protected":false},"author":8,"featured_media":10710,"parent":0,"menu_order":0,"comment_status":"closed","ping_status":"closed","template":"","meta":{"footnotes":"","_links_to":"","_links_to_target":""},"class_list":["post-10680","page","type-page","status-publish","has-post-thumbnail","hentry"],"jetpack_sharing_enabled":true,"_links":{"self":[{"href":"https:\/\/servicos.compesa.com.br\/museuuniversocompesa\/wp-json\/wp\/v2\/pages\/10680","targetHints":{"allow":["GET"]}}],"collection":[{"href":"https:\/\/servicos.compesa.com.br\/museuuniversocompesa\/wp-json\/wp\/v2\/pages"}],"about":[{"href":"https:\/\/servicos.compesa.com.br\/museuuniversocompesa\/wp-json\/wp\/v2\/types\/page"}],"author":[{"embeddable":true,"href":"https:\/\/servicos.compesa.com.br\/museuuniversocompesa\/wp-json\/wp\/v2\/users\/8"}],"replies":[{"embeddable":true,"href":"https:\/\/servicos.compesa.com.br\/museuuniversocompesa\/wp-json\/wp\/v2\/comments?post=10680"}],"version-history":[{"count":9,"href":"https:\/\/servicos.compesa.com.br\/museuuniversocompesa\/wp-json\/wp\/v2\/pages\/10680\/revisions"}],"predecessor-version":[{"id":14024,"href":"https:\/\/servicos.compesa.com.br\/museuuniversocompesa\/wp-json\/wp\/v2\/pages\/10680\/revisions\/14024"}],"wp:featuredmedia":[{"embeddable":true,"href":"https:\/\/servicos.compesa.com.br\/museuuniversocompesa\/wp-json\/wp\/v2\/media\/10710"}],"wp:attachment":[{"href":"https:\/\/servicos.compesa.com.br\/museuuniversocompesa\/wp-json\/wp\/v2\/media?parent=10680"}],"curies":[{"name":"wp","href":"https:\/\/api.w.org\/{rel}","templated":true}]}}