{"id":10695,"date":"2022-02-08T13:19:54","date_gmt":"2022-02-08T16:19:54","guid":{"rendered":"https:\/\/servicos.compesa.com.br\/museuuniversocompesa\/?page_id=10695"},"modified":"2025-08-22T14:07:27","modified_gmt":"2025-08-22T17:07:27","slug":"publicacoess","status":"publish","type":"page","link":"https:\/\/servicos.compesa.com.br\/museuuniversocompesa\/publicacoess\/","title":{"rendered":"PUBLICA\u00c7\u00d5ES"},"content":{"rendered":"\n<h2 class=\"wp-block-heading\" id=\"publicacoes\">PUBLICA\u00c7\u00d5ES<\/h2>\n\n\n\n<p class=\"has-text-align-justify\" style=\"font-size:18px\">Acervo bibliogr\u00e1fico contendo publica\u00e7\u00f5es com temas relacionados aos recursos h\u00eddricos e esgotamento sanit\u00e1rio direcionadas para p\u00fablicos de diferentes faixas et\u00e1rias e dispon\u00edveis para pesquisa e download.<\/p>\n\n\n\n<div class=\"wp-block-tainacan-dynamic-items-list\" data-module=\"dynamic-items-list\" data-search-url=\"\" data-selected-items=\"[&quot;2443&quot;,&quot;2439&quot;,&quot;14092&quot;,&quot;12375&quot;]\" data-collection-id=\"977\" data-show-image=\"true\" data-show-name=\"true\" data-show-search-bar=\"false\" data-show-collection-header=\"false\" data-show-collection-label=\"false\" data-image-size=\"tainacan-medium\" data-layout=\"grid\" data-load-strategy=\"selection\" data-mosaic-height=\"280\" data-mosaic-density=\"5\" data-mosaic-grid-rows=\"3\" data-mosaic-grid-columns=\"3\" data-mosaic-item-focal-point-x=\"0.5\" data-mosaic-item-focal-point-y=\"0.5\" data-max-columns-count=\"4\" data-collection-background-color=\"#373839\" data-collection-text-color=\"#ffffff\" data-grid-margin=\"0\" data-max-items-number=\"12\" data-order=\"\" data-order-by=\"date\" data-order-by-meta-key=\"\" data-tainacan-view-mode=\"masonry\" data-tainacan-api-root=\"https:\/\/servicos.compesa.com.br\/museuuniversocompesa\/wp-json\/tainacan\/v2\" id=\"wp-block-tainacan-dynamic-items-list_13d539a4-a2fc-4fc5-afd3-fad43198fa95\"><div><\/div><\/div>\n\n\n\n<p><strong>Clique&nbsp;<a href=\"https:\/\/servicos.compesa.com.br\/museuuniversocompesa\/publicacoes\" data-type=\"URL\" data-id=\"https:\/\/servicos.compesa.com.br\/museuuniversocompesa\/publicacoes\">aqui&nbsp;<\/a>para visualizar a cole\u00e7\u00e3o.<\/strong><\/p>\n\n\n\n<p><\/p>\n","protected":false},"excerpt":{"rendered":"<p>PUBLICA\u00c7\u00d5ES Acervo bibliogr\u00e1fico contendo publica\u00e7\u00f5es com temas relacionados aos recursos h\u00eddricos e esgotamento sanit\u00e1rio direcionadas para p\u00fablicos de diferentes faixas et\u00e1rias e dispon\u00edveis para pesquisa e download. Clique&nbsp;aqui&nbsp;para visualizar a cole\u00e7\u00e3o.<\/p>\n","protected":false},"author":8,"featured_media":10712,"parent":0,"menu_order":0,"comment_status":"closed","ping_status":"closed","template":"","meta":{"footnotes":"","_links_to":"","_links_to_target":""},"class_list":["post-10695","page","type-page","status-publish","has-post-thumbnail","hentry"],"jetpack_sharing_enabled":true,"_links":{"self":[{"href":"https:\/\/servicos.compesa.com.br\/museuuniversocompesa\/wp-json\/wp\/v2\/pages\/10695","targetHints":{"allow":["GET"]}}],"collection":[{"href":"https:\/\/servicos.compesa.com.br\/museuuniversocompesa\/wp-json\/wp\/v2\/pages"}],"about":[{"href":"https:\/\/servicos.compesa.com.br\/museuuniversocompesa\/wp-json\/wp\/v2\/types\/page"}],"author":[{"embeddable":true,"href":"https:\/\/servicos.compesa.com.br\/museuuniversocompesa\/wp-json\/wp\/v2\/users\/8"}],"replies":[{"embeddable":true,"href":"https:\/\/servicos.compesa.com.br\/museuuniversocompesa\/wp-json\/wp\/v2\/comments?post=10695"}],"version-history":[{"count":14,"href":"https:\/\/servicos.compesa.com.br\/museuuniversocompesa\/wp-json\/wp\/v2\/pages\/10695\/revisions"}],"predecessor-version":[{"id":14803,"href":"https:\/\/servicos.compesa.com.br\/museuuniversocompesa\/wp-json\/wp\/v2\/pages\/10695\/revisions\/14803"}],"wp:featuredmedia":[{"embeddable":true,"href":"https:\/\/servicos.compesa.com.br\/museuuniversocompesa\/wp-json\/wp\/v2\/media\/10712"}],"wp:attachment":[{"href":"https:\/\/servicos.compesa.com.br\/museuuniversocompesa\/wp-json\/wp\/v2\/media?parent=10695"}],"curies":[{"name":"wp","href":"https:\/\/api.w.org\/{rel}","templated":true}]}}