{"id":13948,"date":"2025-02-20T14:54:45","date_gmt":"2025-02-20T17:54:45","guid":{"rendered":"https:\/\/servicos.compesa.com.br\/museuuniversocompesa\/?page_id=13948"},"modified":"2025-02-20T15:26:02","modified_gmt":"2025-02-20T18:26:02","slug":"museu-universo-compesa-apresenta-comunicacao-oral-no-4o-seminario-de-teoria-arqueologica-contemporanea","status":"publish","type":"page","link":"https:\/\/servicos.compesa.com.br\/museuuniversocompesa\/museu-universo-compesa-apresenta-comunicacao-oral-no-4o-seminario-de-teoria-arqueologica-contemporanea\/","title":{"rendered":"Museu Universo Compesa apresenta comunica\u00e7\u00e3o oral no 4\u00ba Semin\u00e1rio de Teoria Arqueol\u00f3gica Contempor\u00e2nea"},"content":{"rendered":"\n<div class=\"wp-block-jetpack-slideshow aligncenter\" data-effect=\"slide\"><div class=\"wp-block-jetpack-slideshow_container swiper-container\"><ul class=\"wp-block-jetpack-slideshow_swiper-wrapper swiper-wrapper\"><li class=\"wp-block-jetpack-slideshow_slide swiper-slide\"><figure><img loading=\"lazy\" decoding=\"async\" width=\"1280\" height=\"960\" alt=\"\" class=\"wp-block-jetpack-slideshow_image wp-image-13952\" data-id=\"13952\" src=\"https:\/\/servicos.compesa.com.br\/museuuniversocompesa\/wp-content\/uploads\/2025\/02\/WhatsApp-Image-2024-09-19-at-16.46.00-1.jpeg\"\/><\/figure><\/li><li class=\"wp-block-jetpack-slideshow_slide swiper-slide\"><figure><img loading=\"lazy\" decoding=\"async\" width=\"1024\" height=\"479\" alt=\"\" class=\"wp-block-jetpack-slideshow_image wp-image-13969\" data-id=\"13969\" src=\"https:\/\/servicos.compesa.com.br\/museuuniversocompesa\/wp-content\/uploads\/2025\/02\/WhatsApp-Image-2024-01-09-at-16.56.42-8.jpeg\"\/><\/figure><\/li><li class=\"wp-block-jetpack-slideshow_slide swiper-slide\"><figure><img loading=\"lazy\" decoding=\"async\" width=\"1024\" height=\"497\" alt=\"\" class=\"wp-block-jetpack-slideshow_image wp-image-13953\" data-id=\"13953\" src=\"https:\/\/servicos.compesa.com.br\/museuuniversocompesa\/wp-content\/uploads\/2025\/02\/WhatsApp-Image-2024-01-09-at-16.56.42-1.jpeg\"\/><\/figure><\/li><li class=\"wp-block-jetpack-slideshow_slide swiper-slide\"><figure><img loading=\"lazy\" decoding=\"async\" width=\"1024\" height=\"576\" alt=\"\" class=\"wp-block-jetpack-slideshow_image wp-image-13968\" data-id=\"13968\" src=\"https:\/\/servicos.compesa.com.br\/museuuniversocompesa\/wp-content\/uploads\/2025\/02\/WhatsApp-Image-2024-01-09-at-16.56.42-5-3.jpeg\"\/><\/figure><\/li><li class=\"wp-block-jetpack-slideshow_slide swiper-slide\"><figure><img loading=\"lazy\" decoding=\"async\" width=\"1024\" height=\"489\" alt=\"\" class=\"wp-block-jetpack-slideshow_image wp-image-13970\" data-id=\"13970\" src=\"https:\/\/servicos.compesa.com.br\/museuuniversocompesa\/wp-content\/uploads\/2025\/02\/WhatsApp-Image-2024-01-09-at-16.56.42-2-3.jpeg\"\/><\/figure><\/li><li class=\"wp-block-jetpack-slideshow_slide swiper-slide\"><figure><img loading=\"lazy\" decoding=\"async\" width=\"1024\" height=\"491\" alt=\"\" class=\"wp-block-jetpack-slideshow_image wp-image-13971\" data-id=\"13971\" src=\"https:\/\/servicos.compesa.com.br\/museuuniversocompesa\/wp-content\/uploads\/2025\/02\/WhatsApp-Image-2024-01-09-at-16.56.42-3-2.jpeg\"\/><\/figure><\/li><li class=\"wp-block-jetpack-slideshow_slide swiper-slide\"><figure><img loading=\"lazy\" decoding=\"async\" width=\"1024\" height=\"492\" alt=\"\" class=\"wp-block-jetpack-slideshow_image wp-image-13972\" data-id=\"13972\" src=\"https:\/\/servicos.compesa.com.br\/museuuniversocompesa\/wp-content\/uploads\/2025\/02\/WhatsApp-Image-2024-01-09-at-16.56.42-4-3.jpeg\"\/><\/figure><\/li><\/ul><a class=\"wp-block-jetpack-slideshow_button-prev swiper-button-prev swiper-button-white\" role=\"button\"><\/a><a class=\"wp-block-jetpack-slideshow_button-next swiper-button-next swiper-button-white\" role=\"button\"><\/a><a aria-label=\"Pause Slideshow\" class=\"wp-block-jetpack-slideshow_button-pause\" role=\"button\"><\/a><div class=\"wp-block-jetpack-slideshow_pagination swiper-pagination swiper-pagination-white\"><\/div><\/div><\/div>\n","protected":false},"excerpt":{"rendered":"","protected":false},"author":8,"featured_media":13951,"parent":0,"menu_order":0,"comment_status":"closed","ping_status":"closed","template":"","meta":{"footnotes":"","_links_to":"","_links_to_target":""},"class_list":["post-13948","page","type-page","status-publish","has-post-thumbnail","hentry"],"jetpack_sharing_enabled":true,"_links":{"self":[{"href":"https:\/\/servicos.compesa.com.br\/museuuniversocompesa\/wp-json\/wp\/v2\/pages\/13948","targetHints":{"allow":["GET"]}}],"collection":[{"href":"https:\/\/servicos.compesa.com.br\/museuuniversocompesa\/wp-json\/wp\/v2\/pages"}],"about":[{"href":"https:\/\/servicos.compesa.com.br\/museuuniversocompesa\/wp-json\/wp\/v2\/types\/page"}],"author":[{"embeddable":true,"href":"https:\/\/servicos.compesa.com.br\/museuuniversocompesa\/wp-json\/wp\/v2\/users\/8"}],"replies":[{"embeddable":true,"href":"https:\/\/servicos.compesa.com.br\/museuuniversocompesa\/wp-json\/wp\/v2\/comments?post=13948"}],"version-history":[{"count":2,"href":"https:\/\/servicos.compesa.com.br\/museuuniversocompesa\/wp-json\/wp\/v2\/pages\/13948\/revisions"}],"predecessor-version":[{"id":13973,"href":"https:\/\/servicos.compesa.com.br\/museuuniversocompesa\/wp-json\/wp\/v2\/pages\/13948\/revisions\/13973"}],"wp:featuredmedia":[{"embeddable":true,"href":"https:\/\/servicos.compesa.com.br\/museuuniversocompesa\/wp-json\/wp\/v2\/media\/13951"}],"wp:attachment":[{"href":"https:\/\/servicos.compesa.com.br\/museuuniversocompesa\/wp-json\/wp\/v2\/media?parent=13948"}],"curies":[{"name":"wp","href":"https:\/\/api.w.org\/{rel}","templated":true}]}}