{"id":176,"date":"2021-07-05T19:01:48","date_gmt":"2021-07-05T22:01:48","guid":{"rendered":"https:\/\/servicos.compesa.com.br\/museuuniversocompesa\/?page_id=176"},"modified":"2025-02-21T15:51:11","modified_gmt":"2025-02-21T18:51:11","slug":"visitas-2","status":"publish","type":"page","link":"https:\/\/servicos.compesa.com.br\/museuuniversocompesa\/visitas-2\/","title":{"rendered":"VISITAS"},"content":{"rendered":"\n<p style=\"font-size:18px\">As visitas presenciais acontecem de segunda a sexta-feira, das 8h \u00e0s 17h, contemplando a realiza\u00e7\u00e3o de atividades de educa\u00e7\u00e3o ambiental no audit\u00f3rio e, em seguida, visita mediada na sala de exposi\u00e7\u00e3o permanente do Museu Universo Compesa.<\/p>\n\n\n\n<p style=\"font-size:18px\">As visitas acontecem <strong>mediante agendamento.<\/strong><br>\u00c9 permitido um quantitativo<strong> m\u00e1ximo de 45 pessoas por grupo (alunos e professores).<\/strong><\/p>\n\n\n\n<p style=\"font-size:18px\">Para incluir sua institui\u00e7\u00e3o no circuito de atividades do Museu Universo Compesa, basta entrar em contato conosco atrav\u00e9s dos contatos abaixo:<br>Telefone: 81 3412 9039<br>Celular: 81 99488 5059 (WhatsApp)<br>E-mail: universocompesa@compesa.com.br<\/p>\n\n\n\n<p style=\"font-size:18px\"><br><strong>P\u00fablico atendido:<\/strong><\/p>\n\n\n\n<p style=\"font-size:18px\"><strong>\u2022 Ensino Fundamental I\/Anos iniciais (4\u00ba e 5<strong>\u00b0<\/strong> ano)<\/strong><br><strong>\u2022 Ensino Fundamental II\/Anos finais (6<strong><strong><strong>\u00b0<\/strong><\/strong><\/strong> ao 9<strong>\u00b0 <\/strong>ano)<\/strong><br><strong>\u2022 Ensino M\u00e9dio (1<strong>\u00b0<\/strong> ao 3<strong>\u00b0<\/strong> ano)<\/strong><br><strong>\u2022 EJA (Educa\u00e7\u00e3o de Jovens e Adultos)<\/strong><br><strong>\u2022 Curso T\u00e9cnico<\/strong><br><strong>\u2022 Gradua\u00e7\u00e3o<\/strong><br><strong>\u2022 P\u00f3s-gradua\u00e7\u00e3o<\/strong><br><strong>\u2022 Organiza\u00e7\u00f5es N\u00e3o Governamentais &#8211; ONGs<\/strong><br><strong>\u2022 Comunidades<\/strong><br><strong>\u2022 Demais grupos interessados no conte\u00fado<\/strong><\/p>\n\n\n\n<p style=\"font-size:18px\">O espa\u00e7o expositivo o visitante conta com:<\/p>\n\n\n\n<p style=\"font-size:18px\"><strong>\u2022 <\/strong>O simp\u00e1tico<strong> Rob\u00f4 Bio<\/strong>, que interage com o p\u00fablico por meio de um quiz ambiental;<br><strong>\u2022 Totens digitais<\/strong> que guardam a hist\u00f3ria do saneamento em livros <em>touch screen<\/em>;<br><strong>\u2022 Maquetes virtuais<\/strong> que detalham a opera\u00e7\u00e3o de Esta\u00e7\u00f5es de Tratamento de \u00c1gua (ETA) e de Esgoto (ETE) e d\u00e3o dicas sobre o uso respons\u00e1vel da \u00e1gua no dia a dia;<br><strong>\u2022 C\u00e1psula do tempo<\/strong> em que \u00e9 poss\u00edvel deixar uma mensagem para reflex\u00e3o sobre o futuro do planeta;<br><strong>\u2022 Proje\u00e7\u00f5es de v\u00eddeos e sensores de movimento<\/strong> que permitem ao visitante fazer uma viagem por regi\u00f5es de Pernambuco e acessar informa\u00e7\u00f5es sobre o saneamento.<\/p>\n\n\n\n<p style=\"font-size:18px\"><\/p>\n","protected":false},"excerpt":{"rendered":"<p>As visitas presenciais acontecem de segunda a sexta-feira, das 8h \u00e0s 17h, contemplando a realiza\u00e7\u00e3o de atividades de educa\u00e7\u00e3o ambiental no audit\u00f3rio e, em seguida, visita mediada na sala de exposi\u00e7\u00e3o permanente do Museu Universo Compesa. As visitas acontecem mediante agendamento.\u00c9 permitido um quantitativo m\u00e1ximo de 45 pessoas por grupo (alunos e professores). Para incluir [&hellip;]<\/p>\n","protected":false},"author":1,"featured_media":10809,"parent":0,"menu_order":0,"comment_status":"closed","ping_status":"closed","template":"page-institucional.php","meta":{"footnotes":"","_links_to":"","_links_to_target":""},"class_list":["post-176","page","type-page","status-publish","has-post-thumbnail","hentry"],"jetpack_sharing_enabled":true,"_links":{"self":[{"href":"https:\/\/servicos.compesa.com.br\/museuuniversocompesa\/wp-json\/wp\/v2\/pages\/176","targetHints":{"allow":["GET"]}}],"collection":[{"href":"https:\/\/servicos.compesa.com.br\/museuuniversocompesa\/wp-json\/wp\/v2\/pages"}],"about":[{"href":"https:\/\/servicos.compesa.com.br\/museuuniversocompesa\/wp-json\/wp\/v2\/types\/page"}],"author":[{"embeddable":true,"href":"https:\/\/servicos.compesa.com.br\/museuuniversocompesa\/wp-json\/wp\/v2\/users\/1"}],"replies":[{"embeddable":true,"href":"https:\/\/servicos.compesa.com.br\/museuuniversocompesa\/wp-json\/wp\/v2\/comments?post=176"}],"version-history":[{"count":57,"href":"https:\/\/servicos.compesa.com.br\/museuuniversocompesa\/wp-json\/wp\/v2\/pages\/176\/revisions"}],"predecessor-version":[{"id":14031,"href":"https:\/\/servicos.compesa.com.br\/museuuniversocompesa\/wp-json\/wp\/v2\/pages\/176\/revisions\/14031"}],"wp:featuredmedia":[{"embeddable":true,"href":"https:\/\/servicos.compesa.com.br\/museuuniversocompesa\/wp-json\/wp\/v2\/media\/10809"}],"wp:attachment":[{"href":"https:\/\/servicos.compesa.com.br\/museuuniversocompesa\/wp-json\/wp\/v2\/media?parent=176"}],"curies":[{"name":"wp","href":"https:\/\/api.w.org\/{rel}","templated":true}]}}